{"id":130,"date":"2024-07-17T20:36:40","date_gmt":"2024-07-17T20:36:40","guid":{"rendered":"https:\/\/nachoterceno.com\/blog\/?page_id=130"},"modified":"2024-07-17T20:38:24","modified_gmt":"2024-07-17T20:38:24","slug":"devoluciones","status":"publish","type":"page","link":"https:\/\/nachoterceno.com\/blog\/devoluciones\/","title":{"rendered":"Devoluciones"},"content":{"rendered":"\n<p>Devoluciones<br>\u00bfPuedo devolver un libro?<br>S\u00ed, por supuesto, puedes devolvernos los libros que necesites. Hay algunas cosas importantes que debes tener en cuenta:<\/p>\n\n\n\n<p>El plazo de devoluci\u00f3n termina 14 d\u00edas despu\u00e9s de que te llegue el pedido pero siempre damos alg\u00fan d\u00eda de margen.<br>Los libros no deben haber sido usados, ni tener marcas de uso y no deben tener nada escrito en su interior ni haber sido forrados.<\/p>\n\n\n\n<p>Los gastos de env\u00edo corren de tu cuenta. Te recomendamos que lo env\u00edes certificado o por agencia para asegurar el env\u00edo.<\/p>\n\n\n\n<p>OK, \u00bfc\u00f3mo lo devuelvo?<br>Es muy sencillo. Si no est\u00e1s seguro de si cumples las condiciones puedes mandarnos un correo a hola@nachoterceno.com indicando el n\u00famero de pedido y cont\u00e1ndonos tu caso. Contestamos en menos de 24 horas.<\/p>\n\n\n\n<p>Si est\u00e1s seguro de que cumples las condiciones puedes enviarnos directamente el libro, bien envuelto, a la direcci\u00f3n:<\/p>\n\n\n\n<p>C\/ Imaginero Luis \u00c1lvarez Duarte, 1 bajo C (41008) SEVILLA<\/p>\n\n\n\n<p>Para que identifiquemos tu devoluci\u00f3n m\u00e1ndanos, por favor, una copia del correo de confirmaci\u00f3n de compra que recibiste con el env\u00edo con la palabra DEVOLUCI\u00d3N escrita bien visible.<\/p>\n\n\n\n<p>Cuando recibamos el env\u00edo comprobaremos que est\u00e1 todo correcto y ese mismo d\u00eda haremos la devoluci\u00f3n del dinero por el mismo medio que pagaste tu pedido.<\/p>\n\n\n\n<p>\u00a1Y ya est\u00e1! F\u00e1cil&nbsp;y&nbsp;sencillo.<\/p>\n","protected":false},"excerpt":{"rendered":"<p>Devoluciones\u00bfPuedo devolver un libro?S\u00ed, por supuesto, puedes devolvernos los libros que necesites. Hay algunas cosas importantes que debes tener en [&hellip;]<\/p>\n","protected":false},"author":1,"featured_media":0,"parent":0,"menu_order":0,"comment_status":"closed","ping_status":"closed","template":"","meta":{"footnotes":""},"class_list":["post-130","page","type-page","status-publish","hentry"],"_links":{"self":[{"href":"https:\/\/nachoterceno.com\/blog\/wp-json\/wp\/v2\/pages\/130","targetHints":{"allow":["GET"]}}],"collection":[{"href":"https:\/\/nachoterceno.com\/blog\/wp-json\/wp\/v2\/pages"}],"about":[{"href":"https:\/\/nachoterceno.com\/blog\/wp-json\/wp\/v2\/types\/page"}],"author":[{"embeddable":true,"href":"https:\/\/nachoterceno.com\/blog\/wp-json\/wp\/v2\/users\/1"}],"replies":[{"embeddable":true,"href":"https:\/\/nachoterceno.com\/blog\/wp-json\/wp\/v2\/comments?post=130"}],"version-history":[{"count":2,"href":"https:\/\/nachoterceno.com\/blog\/wp-json\/wp\/v2\/pages\/130\/revisions"}],"predecessor-version":[{"id":133,"href":"https:\/\/nachoterceno.com\/blog\/wp-json\/wp\/v2\/pages\/130\/revisions\/133"}],"wp:attachment":[{"href":"https:\/\/nachoterceno.com\/blog\/wp-json\/wp\/v2\/media?parent=130"}],"curies":[{"name":"wp","href":"https:\/\/api.w.org\/{rel}","templated":true}]}}