{"id":128,"date":"2024-07-17T20:38:44","date_gmt":"2024-07-17T20:38:44","guid":{"rendered":"https:\/\/nachoterceno.com\/blog\/?post_type=product&#038;p=128"},"modified":"2024-07-17T20:38:44","modified_gmt":"2024-07-17T20:38:44","slug":"la-senora-marshall-de-alba-casanova-y-nacho-terceno","status":"publish","type":"product","link":"https:\/\/nachoterceno.com\/blog\/producto\/la-senora-marshall-de-alba-casanova-y-nacho-terceno\/","title":{"rendered":"La se\u00f1ora Marshall, de Alba Casanova y Nacho Terce\u00f1o"},"content":{"rendered":"<div id=\"tab-description\" class=\"woocommerce-Tabs-panel woocommerce-Tabs-panel--description panel entry-content wc-tab\" role=\"tabpanel\" aria-labelledby=\"tab-title-description\">\n<p>\u201c<strong>La se\u00f1ora Marshall<\/strong> est\u00e1 <strong>embarazada<\/strong> y su casa le parece muy grande para estar sola cuando nazca el beb\u00e9. Por su puerta pasan una ni\u00f1a que llora, un gato y una mujer en bicicleta que ir\u00e1n recibiendo la invitaci\u00f3n para quedarse. \u00ab\u00bfAqu\u00ed qu\u00e9 se desayuna?\u00bb. Con esta pregunta todas las protagonistas de esta historia deciden si se quedan o no para dar forma a un relato lleno de imaginaci\u00f3n que pone en valor la sencillez en las relaciones, la confianza, los cuidados mutuos, <strong>la vida no normativa<\/strong> y la belleza de la diversidad\u201d. Esta es la sinopsis de \u2018La se\u00f1ora Marshall\u2019, el \u00e1lbum ilustrado publicado por P\u00e1bilo Editorial, obra del escritor sevillano Nacho Terce\u00f1o y la ilustradora gallega Alba Casanova.<\/p>\n<p>La combinaci\u00f3n del texto de Terce\u00f1o y las ilustraciones de Casanova logra una simbiosis art\u00edstica repleta de imaginaci\u00f3n, simbolismo, color y un mensaje poderoso. Dise\u00f1ado para los amantes del g\u00e9nero del \u00e1lbum ilustrado, sin importar la edad, \u2018La se\u00f1ora Marshall\u2019, a lo largo de sus 40 p\u00e1ginas, rinde homenaje a la vida no normativa, ofreciendo un juego art\u00edstico lleno de humor y emotividad, y presentando un alegato del feminismo mediante una historia en la que el realismo m\u00e1gico facilita la creaci\u00f3n de una sociedad m\u00e1s sencilla entre sus miembros.<\/p>\n<p><strong>T\u00cdTULO<\/strong>: La se\u00f1ora Marshall<\/p>\n<p><strong>AUTORES<\/strong>: Alba Casanova y Nacho Terce\u00f1o<\/p>\n<p><strong>IDIOMA<\/strong>: Castellano<\/p>\n<p><strong>N\u00ba P\u00c1GINAS<\/strong>: 40<\/p>\n<p><strong>ISBN:<\/strong>978-84-126215-3-2<\/p>\n<p><strong>G\u00c9NERO<\/strong>: \u00c1lbumes ilustrados<\/p>\n<p><strong>FORMATO<\/strong>: 20\u00d724<\/p>\n<p><strong>ENCUADERNACI\u00d3N<\/strong>: Carton\u00e9<\/p>\n<\/div>\n","protected":false},"excerpt":{"rendered":"<p>La sen\u0303ora Marshall esta\u0301 embarazada y su casa le parece muy grande para estar sola cuando nazca el bebe\u0301. Por su puerta pasan una nin\u0303a que llora, un gato y una mujer en bicicleta que ira\u0301n recibiendo la invitacio\u0301n para quedarse. \u00bfAqui\u0301 que\u0301 se desayuna? Con esta pregunta todas las protagonistas de esta historia deciden si se quedan o no para dar forma a un relato lleno de imaginacio\u0301n, color y mensaje.<\/p>\n","protected":false},"featured_media":129,"comment_status":"open","ping_status":"closed","template":"","meta":[],"product_brand":[],"product_cat":[25],"product_tag":[],"class_list":{"0":"post-128","1":"product","2":"type-product","3":"status-publish","4":"has-post-thumbnail","6":"product_cat-en-papel","8":"first","9":"instock","10":"shipping-taxable","11":"purchasable","12":"product-type-simple"},"_links":{"self":[{"href":"https:\/\/nachoterceno.com\/blog\/wp-json\/wp\/v2\/product\/128","targetHints":{"allow":["GET"]}}],"collection":[{"href":"https:\/\/nachoterceno.com\/blog\/wp-json\/wp\/v2\/product"}],"about":[{"href":"https:\/\/nachoterceno.com\/blog\/wp-json\/wp\/v2\/types\/product"}],"replies":[{"embeddable":true,"href":"https:\/\/nachoterceno.com\/blog\/wp-json\/wp\/v2\/comments?post=128"}],"wp:featuredmedia":[{"embeddable":true,"href":"https:\/\/nachoterceno.com\/blog\/wp-json\/wp\/v2\/media\/129"}],"wp:attachment":[{"href":"https:\/\/nachoterceno.com\/blog\/wp-json\/wp\/v2\/media?parent=128"}],"wp:term":[{"taxonomy":"product_brand","embeddable":true,"href":"https:\/\/nachoterceno.com\/blog\/wp-json\/wp\/v2\/product_brand?post=128"},{"taxonomy":"product_cat","embeddable":true,"href":"https:\/\/nachoterceno.com\/blog\/wp-json\/wp\/v2\/product_cat?post=128"},{"taxonomy":"product_tag","embeddable":true,"href":"https:\/\/nachoterceno.com\/blog\/wp-json\/wp\/v2\/product_tag?post=128"}],"curies":[{"name":"wp","href":"https:\/\/api.w.org\/{rel}","templated":true}]}}